{"id":595,"date":"2021-02-19T10:07:23","date_gmt":"2021-02-19T10:07:23","guid":{"rendered":"https:\/\/hscc.acm.org\/2021\/?page_id=595"},"modified":"2022-03-24T14:02:33","modified_gmt":"2022-03-24T14:02:33","slug":"accepted-papers","status":"publish","type":"page","link":"https:\/\/hscc.acm.org\/2022\/accepted-papers\/","title":{"rendered":"Accepted Papers"},"content":{"rendered":"\n<div class=\"wp-block-themeisle-blocks-advanced-columns has-1-columns has-desktop-equal-layout has-tablet-equal-layout has-mobile-equal-layout has-default-gap has-vertical-unset\" id=\"wp-block-themeisle-blocks-advanced-columns-e6bdb0c6\"><div class=\"wp-block-themeisle-blocks-advanced-columns-overlay\"><\/div><div class=\"innerblocks-wrap\">\n<div class=\"wp-block-themeisle-blocks-advanced-column\" id=\"wp-block-themeisle-blocks-advanced-column-62460eba\">\n<p>Papers that have passed the repeatability evaluation present the RE-passed badge <img alt=\"\" src=\"https:\/\/hscc.acm.org\/2021\/wp-content\/uploads\/2021\/02\/re-300x300.png\" style=\"width: 15px;\" class=\"\" height=\"15\" \/> next to their title. Note that submitting the RE package was mandatory only for Tool and Case Study papers.<\/p>\n\n\n\n<h2>Regular Papers<\/h2>\n\n\n\n<p><img loading=\"lazy\" alt=\"\" src=\"https:\/\/hscc.acm.org\/2021\/wp-content\/uploads\/2021\/02\/re-300x300.png\" class=\"\" width=\"15\" height=\"15\" \/> Stability of discrete-time switched linear systems with omega-regular switching sequence (short)<br \/><em>Georges Aazan, Antoine Girard, Paolo Mason and Luca Greco<br \/><br \/><\/em>Multi-Requirement Testing Using Focused Falsification<br \/><em>Johan Lid\u00e9n Eddeland, Alexandre Donz\u00e9 and Knut \u00c5kesson<\/em><br \/><br \/><img loading=\"lazy\" alt=\"\" src=\"https:\/\/hscc.acm.org\/2021\/wp-content\/uploads\/2021\/02\/re-300x300.png\" class=\"\" width=\"15\" height=\"15\" \/> Necessary and Sufficient Conditions for Template-Dependent Ordering of Path-Complete Lyapunov Methods<br \/><em>Virginie Debauche, Matteo Della Rossa and Rapha\u00ebl M. Jungers<\/em><br \/><br \/>Using Intersection of Unions to Minimize Multi-directional Linearization Error in Reachability Analysis<br \/><em>Arvind Adimoolam and Indranil Saha<br \/><br \/><\/em><img loading=\"lazy\" alt=\"\" src=\"https:\/\/hscc.acm.org\/2021\/wp-content\/uploads\/2021\/02\/re-300x300.png\" class=\"\" width=\"15\" height=\"15\" \/> Verifying Switched System Stability With Logic<br \/><em>Yong Kiam Tan, Stefan Mitsch and Andr\u00e9 Platzer<br \/><br \/><\/em><strong><img loading=\"lazy\" alt=\"\" src=\"https:\/\/hscc.acm.org\/2021\/wp-content\/uploads\/2021\/02\/re-300x300.png\" class=\"\" width=\"15\" height=\"15\" \/><\/strong> Temporal Robustness of Stochastic Signals<br \/><em>Lars Lindemann, Alena Rodionova and George J. Pappas<br \/><br \/><\/em>Distributed Hybrid Gradient Algorithm with Application to Cooperative Adaptive Estimation<br \/><em>Mohamed Maghenem, Adnane Saoud and Antonio Loria<br \/><br \/><\/em><img loading=\"lazy\" alt=\"\" src=\"https:\/\/hscc.acm.org\/2021\/wp-content\/uploads\/2021\/02\/re-300x300.png\" class=\"\" width=\"15\" height=\"15\" \/> Elliptical Slice Sampling for Probabilistic Verification of Stochastic Systems with Signal Temporal Logic Specifications<br \/><em>Guy Scher, Sadra Sadraddini, Russ Tedrake and Hadas Kress-Gazit<br \/><br \/><\/em>Mortality and Edge-to-Edge Reachability are Decidable on Surfaces<br \/><em>Mateus de Oliveira Oliveira and Olga Tveretina<\/em><br \/><br \/><img loading=\"lazy\" alt=\"\" src=\"https:\/\/hscc.acm.org\/2021\/wp-content\/uploads\/2021\/02\/re-300x300.png\" class=\"\" width=\"15\" height=\"15\" \/> Decoding Output Sequences for Discrete-Time Linear Hybrid Systems. (short)<br \/><em>Monal Narasimhamurthy and Sriram Sankaranarayanan<\/em><br \/><br \/>A Multiresolution Analysis of Temporal Logic (short)<br \/><em>Houssam Abbas and Richard Pelphrey<br \/><br \/><\/em>k-Inductive Barrier Certificates for Stochastic Systems<br \/><em>Mahathi Anand, Vishnu Murali, Ashutosh Trivedi and Majid Zamani<\/em><br \/><br \/>Verifying Neural Network Controlled Systems Using Neural Networks<br \/><em>Qingye Zhao, Xin Chen, Zhuoyu Zhao, Yifan Zhang, Enyi Tang and Xuandong Li<\/em><br \/><br \/><img loading=\"lazy\" alt=\"\" src=\"https:\/\/hscc.acm.org\/2021\/wp-content\/uploads\/2021\/02\/re-300x300.png\" class=\"\" width=\"15\" height=\"15\" \/> A Simpler Alternative: Minimizing Transition Systems Modulo Alternating Simulation Equivalence.<br \/><em>Gabriel de A. Gleizer, Khushraj Madnani and Manuel Mazo Jr.<\/em><br \/><br \/><img loading=\"lazy\" alt=\"\" src=\"https:\/\/hscc.acm.org\/2021\/wp-content\/uploads\/2021\/02\/re-300x300.png\" class=\"\" width=\"15\" height=\"15\" \/> Sufficient Conditions for Optimality and Asymptotic Stability in Two-Player Zero-Sum Hybrid Games<br \/><em>Santiago Jimenez Leudo and Ricardo G Sanfelice<br \/><br \/><\/em><img loading=\"lazy\" alt=\"\" src=\"https:\/\/hscc.acm.org\/2021\/wp-content\/uploads\/2021\/02\/re-300x300.png\" class=\"\" width=\"15\" height=\"15\" \/> Correct-By-Construction Exploration and Exploitation for Unknown Linear Systems Using Bilinear Optimization<br \/><em>Kwesi Rutledge and Necmiye Ozay<\/em><br \/><br \/>Linear Time Monitoring for One Variable TPTL<br \/><em>Bassem Ghorbel and Vinayak Prabhu<\/em><br \/><br \/>Successive Convexification for Optimal Control with Signal Temporal Logic Specifications (short)<br \/><em>Yuanqi Mao, Behcet Acikmese, Pierre-Loic Garoche and Alexandre Chapoutot<\/em><br \/><em><\/em><\/p>\n\n\n\n<h3>Tool and Case Study Papers<\/h3>\n\n\n\n<p><img loading=\"lazy\" alt=\"\" src=\"https:\/\/hscc.acm.org\/2021\/wp-content\/uploads\/2021\/02\/re-300x300.png\" class=\"\" width=\"15\" height=\"15\" \/> ABS: A formally correct software tool for space-efficient symbolic synthesis<br \/><em>Alexander Weber, Elisei Macoveiciuc and Gunther Reissig<br \/><br \/><\/em><img loading=\"lazy\" alt=\"\" src=\"https:\/\/hscc.acm.org\/2021\/wp-content\/uploads\/2021\/02\/re-300x300.png\" class=\"\" width=\"15\" height=\"15\" \/> ETCetera: beyond Event-Triggered Control<br \/><em>Giannis Delimpaltadakis, Gabriel de Albuquerque Gleizer, Ivo van Straalen and Manuel Mazo Jr.<br \/><br \/><\/em><img loading=\"lazy\" alt=\"\" src=\"https:\/\/hscc.acm.org\/2021\/wp-content\/uploads\/2021\/02\/re-300x300.png\" class=\"\" width=\"15\" height=\"15\" \/> SOCKS: A Stochastic Optimal Control and Reachability Toolbox Using Kernel Methods<br \/><em>Adam Thorpe and Meeko Oishi<br \/><br \/><\/em><img loading=\"lazy\" alt=\"\" src=\"https:\/\/hscc.acm.org\/2021\/wp-content\/uploads\/2021\/02\/re-300x300.png\" class=\"\" width=\"15\" height=\"15\" \/> Verification of machine learning based cyber-physical systems: a comparative study<br \/><em>Arthur Clavi\u00e8re, Laura Altieri Sambartolom\u00e9, Eric Asselin, Christophe Garion and Claire Pagetti<br \/><br \/><\/em><img loading=\"lazy\" alt=\"\" src=\"https:\/\/hscc.acm.org\/2021\/wp-content\/uploads\/2021\/02\/re-300x300.png\" class=\"\" width=\"15\" height=\"15\" \/> Fast BATLLNN: Fast Box Analysis of Two-Level Lattice Neural Networks<br \/><em>James Ferlez, Haitham Khedr and Yasser Shoukry<br \/><br \/><\/em><img loading=\"lazy\" alt=\"\" src=\"https:\/\/hscc.acm.org\/2021\/wp-content\/uploads\/2021\/02\/re-300x300.png\" class=\"\" width=\"15\" height=\"15\" \/> BOCoSy: Small but Powerful Symbolic Output-Feedback Control<br \/><em>Bernd Finkbeiner, Kaushik Mallik, Noemi Passing, Malte Schledjewski and Anne-Kathrin Schmuck<\/em><br \/><em><\/em><\/p>\n<\/div>\n<\/div><\/div>\n\n\n","protected":false},"excerpt":{"rendered":"","protected":false},"author":1,"featured_media":0,"parent":0,"menu_order":0,"comment_status":"closed","ping_status":"closed","template":"","meta":[],"_links":{"self":[{"href":"https:\/\/hscc.acm.org\/2022\/wp-json\/wp\/v2\/pages\/595"}],"collection":[{"href":"https:\/\/hscc.acm.org\/2022\/wp-json\/wp\/v2\/pages"}],"about":[{"href":"https:\/\/hscc.acm.org\/2022\/wp-json\/wp\/v2\/types\/page"}],"author":[{"embeddable":true,"href":"https:\/\/hscc.acm.org\/2022\/wp-json\/wp\/v2\/users\/1"}],"replies":[{"embeddable":true,"href":"https:\/\/hscc.acm.org\/2022\/wp-json\/wp\/v2\/comments?post=595"}],"version-history":[{"count":25,"href":"https:\/\/hscc.acm.org\/2022\/wp-json\/wp\/v2\/pages\/595\/revisions"}],"predecessor-version":[{"id":1123,"href":"https:\/\/hscc.acm.org\/2022\/wp-json\/wp\/v2\/pages\/595\/revisions\/1123"}],"wp:attachment":[{"href":"https:\/\/hscc.acm.org\/2022\/wp-json\/wp\/v2\/media?parent=595"}],"curies":[{"name":"wp","href":"https:\/\/api.w.org\/{rel}","templated":true}]}}